{"id":50,"date":"2020-09-12T16:56:09","date_gmt":"2020-09-12T14:56:09","guid":{"rendered":"http:\/\/rewocamp.pl\/?page_id=50"},"modified":"2022-03-22T19:37:20","modified_gmt":"2022-03-22T18:37:20","slug":"kontakt","status":"publish","type":"page","link":"https:\/\/rewocamp.pl\/?page_id=50","title":{"rendered":"Kontakt"},"content":{"rendered":"\n<p><strong>telefon: <a href=\"tel:+48607706603\">+48 607 706 603<\/a><\/strong><br><strong>email: <a rel=\"noreferrer noopener\" href=\"mailto:serwis@rewocamp.pl\" target=\"_blank\">serwis@rewocamp.pl<\/a><\/strong><br><br>Bardzo prosz\u0119 o kontakt telefoniczny, email lub Messanger w celu um\u00f3wienia si\u0119 na spotkanie, ogl\u0119dziny, wycen\u0119. <br><br><strong>dane rejestrowe firmy:<\/strong><br>Rewocamp Olga Rensz<br>ul. Reymonta 71G<br>PL: 43-400 Cieszyn<br>NIP: 5742004183<br>konto bankowe: 37 1050 1083 1000 0097 3216 4422 <\/p>\n","protected":false},"excerpt":{"rendered":"<p>telefon: +48 607 706 603email: serwis@rewocamp.pl Bardzo prosz\u0119 o kontakt telefoniczny, email lub Messanger w celu um\u00f3wienia si\u0119 na spotkanie, ogl\u0119dziny, wycen\u0119. dane rejestrowe firmy:Rewocamp Olga Renszul. Reymonta 71GPL: 43-400 CieszynNIP: 5742004183konto bankowe: 37 1050 1083 1000 0097 3216 4422<\/p>\n","protected":false},"author":1,"featured_media":0,"parent":0,"menu_order":0,"comment_status":"closed","ping_status":"closed","template":"","meta":{"footnotes":""},"class_list":["post-50","page","type-page","status-publish","hentry"],"_links":{"self":[{"href":"https:\/\/rewocamp.pl\/index.php?rest_route=\/wp\/v2\/pages\/50","targetHints":{"allow":["GET"]}}],"collection":[{"href":"https:\/\/rewocamp.pl\/index.php?rest_route=\/wp\/v2\/pages"}],"about":[{"href":"https:\/\/rewocamp.pl\/index.php?rest_route=\/wp\/v2\/types\/page"}],"author":[{"embeddable":true,"href":"https:\/\/rewocamp.pl\/index.php?rest_route=\/wp\/v2\/users\/1"}],"replies":[{"embeddable":true,"href":"https:\/\/rewocamp.pl\/index.php?rest_route=%2Fwp%2Fv2%2Fcomments&post=50"}],"version-history":[{"count":4,"href":"https:\/\/rewocamp.pl\/index.php?rest_route=\/wp\/v2\/pages\/50\/revisions"}],"predecessor-version":[{"id":215,"href":"https:\/\/rewocamp.pl\/index.php?rest_route=\/wp\/v2\/pages\/50\/revisions\/215"}],"wp:attachment":[{"href":"https:\/\/rewocamp.pl\/index.php?rest_route=%2Fwp%2Fv2%2Fmedia&parent=50"}],"curies":[{"name":"wp","href":"https:\/\/api.w.org\/{rel}","templated":true}]}}